{"id":1609,"date":"2021-02-02T11:42:35","date_gmt":"2021-02-02T11:42:35","guid":{"rendered":"https:\/\/shears.nl\/?post_type=product&#038;p=1609"},"modified":"2022-12-31T10:32:40","modified_gmt":"2022-12-31T10:32:40","slug":"ozora","status":"publish","type":"product","link":"https:\/\/shears.nl\/da\/vare\/ozora\/","title":{"rendered":"Ozora"},"content":{"rendered":"<p>Ozora-saksene er fremstillet af Hitachi 440C-st\u00e5l med en h\u00e5rdhed p\u00e5 59 HRC, hvilket sikrer en langvarig skarphed af klingen. Det ergonomiske design har en medium offset, som g\u00f8r det muligt for dine skuldre at forblive afslappede, mens albuerne peger nedad. Denne naturlige klippeposition minimerer belastningen p\u00e5 nakke og skuldre.<\/p>","protected":false},"excerpt":{"rendered":"<p>De Ozora scharen zijn gemaakt van het Hitachi-staal 440C met een hardheid van 59 HRC, dit zorgt voor een langdurige scherpte van het blad. Het ergonomisch verantwoord ontwerp maakt gebruik van een medium offset. Uw schouders blijven in een ontspannen positie, terwijl de ellebogen naar beneden zijn gericht. Deze natuurlijke kniphouding zorgt voor een minimale [&hellip;]<\/p>\n","protected":false},"featured_media":1884,"template":"","meta":[],"product_brand":[159],"product_cat":[31],"product_tag":[],"class_list":{"0":"post-1609","1":"product","2":"type-product","3":"status-publish","4":"has-post-thumbnail","6":"product_brand-sakura","7":"product_cat-rechtshandige-scharen","8":"product_shipping_class-pakketzending","9":"pa_blades-hamaguri-convex-concave","10":"pa_ergonomics-medium-offset","11":"pa_hardness-59-hrc","12":"pa_size-5-5","13":"pa_size-6-0","14":"pa_specialty-ball-bearing","15":"pa_steeltype-440-c","17":"first","18":"instock","19":"taxable","20":"shipping-taxable","21":"purchasable","22":"product-type-variable"},"jetpack_sharing_enabled":true,"_links":{"self":[{"href":"https:\/\/shears.nl\/da\/wp-json\/wp\/v2\/product\/1609","targetHints":{"allow":["GET"]}}],"collection":[{"href":"https:\/\/shears.nl\/da\/wp-json\/wp\/v2\/product"}],"about":[{"href":"https:\/\/shears.nl\/da\/wp-json\/wp\/v2\/types\/product"}],"version-history":[{"count":1,"href":"https:\/\/shears.nl\/da\/wp-json\/wp\/v2\/product\/1609\/revisions"}],"predecessor-version":[{"id":1611,"href":"https:\/\/shears.nl\/da\/wp-json\/wp\/v2\/product\/1609\/revisions\/1611"}],"wp:featuredmedia":[{"embeddable":true,"href":"https:\/\/shears.nl\/da\/wp-json\/wp\/v2\/media\/1884"}],"wp:attachment":[{"href":"https:\/\/shears.nl\/da\/wp-json\/wp\/v2\/media?parent=1609"}],"wp:term":[{"taxonomy":"product_brand","embeddable":true,"href":"https:\/\/shears.nl\/da\/wp-json\/wp\/v2\/product_brand?post=1609"},{"taxonomy":"product_cat","embeddable":true,"href":"https:\/\/shears.nl\/da\/wp-json\/wp\/v2\/product_cat?post=1609"},{"taxonomy":"product_tag","embeddable":true,"href":"https:\/\/shears.nl\/da\/wp-json\/wp\/v2\/product_tag?post=1609"}],"curies":[{"name":"wp","href":"https:\/\/api.w.org\/{rel}","templated":true}]}}