{"id":29,"date":"2020-11-02T14:12:01","date_gmt":"2020-11-02T14:12:01","guid":{"rendered":"https:\/\/shears.nl\/?page_id=29"},"modified":"2021-03-10T13:37:17","modified_gmt":"2021-03-10T13:37:17","slug":"garantie","status":"publish","type":"page","link":"https:\/\/shears.nl\/de\/garantie\/","title":{"rendered":"Garantie"},"content":{"rendered":"<div data-elementor-type=\"wp-page\" data-elementor-id=\"29\" class=\"elementor elementor-29\" data-elementor-post-type=\"page\">\n\t\t\t\t\t\t<section class=\"elementor-section elementor-top-section elementor-element elementor-element-50784050 elementor-section-boxed elementor-section-height-default elementor-section-height-default\" data-id=\"50784050\" data-element_type=\"section\" data-e-type=\"section\">\n\t\t\t\t\t\t<div class=\"elementor-container elementor-column-gap-default\">\n\t\t\t\t\t<div class=\"elementor-column elementor-col-100 elementor-top-column elementor-element elementor-element-389fb3a7\" data-id=\"389fb3a7\" data-element_type=\"column\" data-e-type=\"column\">\n\t\t\t<div class=\"elementor-widget-wrap elementor-element-populated\">\n\t\t\t\t\t\t<div class=\"elementor-element elementor-element-26c1e777 elementor-widget elementor-widget-text-editor\" data-id=\"26c1e777\" data-element_type=\"widget\" data-e-type=\"widget\" data-widget_type=\"text-editor.default\">\n\t\t\t\t<div class=\"elementor-widget-container\">\n\t\t\t\t\t\t\t\t\t<p><\/p>\n<p>Ihre Sakura-Scheren werden von den weltbesten Meisterscheren entworfen und hergestellt. Wir sind so stolz auf unsere Arbeit, dass wir auf unsere Sakura-Modelle eine bedingungslose 10-j\u00e4hrige Garantie gegen Material- und Herstellungsfehler gew\u00e4hren.\u00a0<\/p>\n<p>Die Wartung und der Zustand Ihrer Schere wird bis ins Detail erfasst, d. h. wir verfolgen diese Aspekte eingehend und k\u00f6nnen die Schere optimal behandeln.<\/p>\n<p>Bei Bedarf schicken wir Ihnen zur Veranschaulichung einen Bericht mit Mikroskopaufnahmen Ihrer Schere.<\/p>\n<p>Wir bieten auch zwei kostenlose Schleifvorg\u00e4nge f\u00fcr die Sakura-Serie an. Alle Versand- und Bearbeitungskosten tr\u00e4gt der Kunde. Diese Garantie gilt nicht, wenn die Schere von einer anderen Partei als Shears Int hergestellt wird. Gepflegt, missbraucht oder f\u00fcr andere Zwecke als zum Schneiden von Haaren verwendet.<\/p>\n<p><\/p>\n<p><\/p>\n<p>Bitte legen Sie bei der R\u00fccksendung zur Wartung immer die Garantiekarte bei.<\/p>\n<p><\/p>\t\t\t\t\t\t\t\t<\/div>\n\t\t\t\t<\/div>\n\t\t\t\t\t<\/div>\n\t\t<\/div>\n\t\t\t\t\t<\/div>\n\t\t<\/section>\n\t\t\t\t<\/div>","protected":false},"excerpt":{"rendered":"<p>Uw Sakura-scharen zijn ontworpen en gemaakt door \u2018s werelds beste meester-scharenmakers. Wij zijn zo trots op ons werk dat we 10 jaar lang een onvoorwaardelijke garantie bieden op materiaal- en fabricagefouten van onze Sakura-modellen.\u00a0 Het onderhoud en de staat van uw schaar wordt in detail bijgehouden, zodat we continue de vinger aan de pols hebben [&hellip;]<\/p>\n","protected":false},"author":1,"featured_media":0,"parent":0,"menu_order":0,"comment_status":"closed","ping_status":"closed","template":"elementor_header_footer","meta":{"footnotes":""},"class_list":["post-29","page","type-page","status-publish","hentry"],"jetpack_sharing_enabled":true,"_links":{"self":[{"href":"https:\/\/shears.nl\/de\/wp-json\/wp\/v2\/pages\/29","targetHints":{"allow":["GET"]}}],"collection":[{"href":"https:\/\/shears.nl\/de\/wp-json\/wp\/v2\/pages"}],"about":[{"href":"https:\/\/shears.nl\/de\/wp-json\/wp\/v2\/types\/page"}],"author":[{"embeddable":true,"href":"https:\/\/shears.nl\/de\/wp-json\/wp\/v2\/users\/1"}],"replies":[{"embeddable":true,"href":"https:\/\/shears.nl\/de\/wp-json\/wp\/v2\/comments?post=29"}],"version-history":[{"count":5,"href":"https:\/\/shears.nl\/de\/wp-json\/wp\/v2\/pages\/29\/revisions"}],"predecessor-version":[{"id":1651,"href":"https:\/\/shears.nl\/de\/wp-json\/wp\/v2\/pages\/29\/revisions\/1651"}],"wp:attachment":[{"href":"https:\/\/shears.nl\/de\/wp-json\/wp\/v2\/media?parent=29"}],"curies":[{"name":"wp","href":"https:\/\/api.w.org\/{rel}","templated":true}]}}