{"id":33,"date":"2020-11-02T14:14:38","date_gmt":"2020-11-02T14:14:38","guid":{"rendered":"https:\/\/shears.nl\/?page_id=33"},"modified":"2020-11-04T14:06:01","modified_gmt":"2020-11-04T14:06:01","slug":"onderhoud","status":"publish","type":"page","link":"https:\/\/shears.nl\/de\/onderhoud\/","title":{"rendered":"Wartung"},"content":{"rendered":"<div data-elementor-type=\"wp-page\" data-elementor-id=\"33\" class=\"elementor elementor-33\" data-elementor-post-type=\"page\">\n\t\t\t\t\t\t<section class=\"elementor-section elementor-top-section elementor-element elementor-element-2c75c53f elementor-section-boxed elementor-section-height-default elementor-section-height-default\" data-id=\"2c75c53f\" data-element_type=\"section\" data-e-type=\"section\">\n\t\t\t\t\t\t<div class=\"elementor-container elementor-column-gap-default\">\n\t\t\t\t\t<div class=\"elementor-column elementor-col-100 elementor-top-column elementor-element elementor-element-8888006\" data-id=\"8888006\" data-element_type=\"column\" data-e-type=\"column\">\n\t\t\t<div class=\"elementor-widget-wrap elementor-element-populated\">\n\t\t\t\t\t\t<div class=\"elementor-element elementor-element-7bae78ba elementor-widget elementor-widget-text-editor\" data-id=\"7bae78ba\" data-element_type=\"widget\" data-e-type=\"widget\" data-widget_type=\"text-editor.default\">\n\t\t\t\t<div class=\"elementor-widget-container\">\n\t\t\t\t\t\t\t\t\t\n<p>Der Original \u201eShears Service\u201d wird in unserem Unternehmen durchgef\u00fchrt. Unsere hervorragend ausgebildeten Techniker stammen selbst aus der Friseurbranche, so dass sie Ihre Bed\u00fcrfnisse nur allzu gut kennen. Diese Experten haben die Kunst des Schleifens perfektioniert. Mit anderen Worten: Sie geh\u00f6ren zu den besten ihres Metiers.<\/p>\n<h3>Die Gew\u00e4hrleistung eines langen Arbeitslebens<\/h3>\n<p>Der Besitz einer qualitativ hochwertigen Schere stellt eine wahrhafte Investition dar. Man sollte sich aber dar\u00fcber im Klaren sein, dass Ger\u00e4te, die f\u00fcr ein potenziell langes nutzbares Leben ausgelegt sind, durch eine unsachgem\u00e4\u00dfe Pflege auch besch\u00e4digt werden k\u00f6nnen.<\/p>\n\n<h3>Folgende Richtlinien sollten daher beachtet werden:<\/h3>\n\n<ul class=\"wp-block-list\">\n<li>Reiben Sie die Oberfl\u00e4che der Scherenbl\u00e4tter nach jeder Benutzung mit einem sauberen, weichen Tuch oder einem speziell daf\u00fcr entwickelten Silikontuch ab.\u00a0<\/li>\n<li>Behandeln Sie Ihre Schere pfleglich. Scheren niemals \u00fcbereinander legen und nie auf eine harte Oberfl\u00e4che fallen lassen. Auf eine auf einer Arbeitsfl\u00e4che abgelegte Schere wird h\u00e4ufig unbedacht ein Handtuch geworfen, so dass das wertvolle Instrument anschlie\u00dfend zu Boden f\u00e4llt. Die Schneiden k\u00f6nnen dabei besch\u00e4digt werden, es treten Scharten auf.\u00a0<\/li>\n<li>Verwenden Sie zur sicheren Aufbewahrung Ihrer Schere ein spezielles Holster und machen Sie eine Gewohnheit daraus, die Schere dort einzustecken, wenn sie nicht benutzt wird.\u00a0<\/li>\n<li>\u00dcberpr\u00fcfen Sie die Spannungseinstellung Ihrer Schere regelm\u00e4\u00dfig. Bei einer zu gro\u00dfen Spannung reiben die Scherenbl\u00e4tter aneinander, eine zu niedrige Spannung wirkt sich in Form von Kontrollverlust aus, die Scherenbl\u00e4tter k\u00f6nnen Scharten ausbilden. Halten Sie zur \u00dcberpr\u00fcfung der Spannung die Schere mit der linken Hand im Ring, ohne Fingerst\u00fctze, mit der Spitze nach oben. Halten Sie den Ring mit der Fingerst\u00fctze mit der rechten Hand fest und \u00f6ffnen Sie die Scherenbl\u00e4tter, bis sie ein Kreuz bilden. Lassen Sie den Ring in ihrer rechten Hand los. Das Scherenblatt sollte nur langsam herab sinken. F\u00e4llt das Blatt zu schnell herunter, ist die Spannung zu gering, bewegt es sich \u00fcberhaupt nicht, ist die Spannung zu hoch. Stellen Sie die Spannung entsprechend ein.\u00a0<\/li>\n<li>Lassen Sie Ihre Schere regelm\u00e4\u00dfig von einem Fachmann schleifen.<\/li>\n<\/ul>\n\t\t\t\t\t\t\t\t<\/div>\n\t\t\t\t<\/div>\n\t\t\t\t\t<\/div>\n\t\t<\/div>\n\t\t\t\t\t<\/div>\n\t\t<\/section>\n\t\t\t\t<\/div>","protected":false},"excerpt":{"rendered":"<p>De originele \u201cShears Service\u201d gebeurt intern. Onze hoog opgeleide technici zijn zelf ook kapper, dus vanzelfsprekend begrijpen zij uw behoeften en hebben ze de kunst van het slijpen geperfectioneerd. Kortom: ze worden erkend als de besten. Gegarandeerd een lange gebruiksduur Kwalitatief hoogwaardige scharen zijn een uitstekende investering. Vergeet echter niet dat instrumenten met een potenti\u00eble [&hellip;]<\/p>\n","protected":false},"author":1,"featured_media":0,"parent":0,"menu_order":0,"comment_status":"closed","ping_status":"closed","template":"elementor_header_footer","meta":{"footnotes":""},"class_list":["post-33","page","type-page","status-publish","hentry"],"jetpack_sharing_enabled":true,"_links":{"self":[{"href":"https:\/\/shears.nl\/de\/wp-json\/wp\/v2\/pages\/33","targetHints":{"allow":["GET"]}}],"collection":[{"href":"https:\/\/shears.nl\/de\/wp-json\/wp\/v2\/pages"}],"about":[{"href":"https:\/\/shears.nl\/de\/wp-json\/wp\/v2\/types\/page"}],"author":[{"embeddable":true,"href":"https:\/\/shears.nl\/de\/wp-json\/wp\/v2\/users\/1"}],"replies":[{"embeddable":true,"href":"https:\/\/shears.nl\/de\/wp-json\/wp\/v2\/comments?post=33"}],"version-history":[{"count":3,"href":"https:\/\/shears.nl\/de\/wp-json\/wp\/v2\/pages\/33\/revisions"}],"predecessor-version":[{"id":147,"href":"https:\/\/shears.nl\/de\/wp-json\/wp\/v2\/pages\/33\/revisions\/147"}],"wp:attachment":[{"href":"https:\/\/shears.nl\/de\/wp-json\/wp\/v2\/media?parent=33"}],"curies":[{"name":"wp","href":"https:\/\/api.w.org\/{rel}","templated":true}]}}