{"id":33,"date":"2020-11-02T14:14:38","date_gmt":"2020-11-02T14:14:38","guid":{"rendered":"https:\/\/shears.nl\/?page_id=33"},"modified":"2020-11-04T14:06:01","modified_gmt":"2020-11-04T14:06:01","slug":"onderhoud","status":"publish","type":"page","link":"https:\/\/shears.nl\/es\/onderhoud\/","title":{"rendered":"Mantenimiento"},"content":{"rendered":"<div data-elementor-type=\"wp-page\" data-elementor-id=\"33\" class=\"elementor elementor-33\" data-elementor-post-type=\"page\">\n\t\t\t\t\t\t<section class=\"elementor-section elementor-top-section elementor-element elementor-element-2c75c53f elementor-section-boxed elementor-section-height-default elementor-section-height-default\" data-id=\"2c75c53f\" data-element_type=\"section\" data-e-type=\"section\">\n\t\t\t\t\t\t<div class=\"elementor-container elementor-column-gap-default\">\n\t\t\t\t\t<div class=\"elementor-column elementor-col-100 elementor-top-column elementor-element elementor-element-8888006\" data-id=\"8888006\" data-element_type=\"column\" data-e-type=\"column\">\n\t\t\t<div class=\"elementor-widget-wrap elementor-element-populated\">\n\t\t\t\t\t\t<div class=\"elementor-element elementor-element-7bae78ba elementor-widget elementor-widget-text-editor\" data-id=\"7bae78ba\" data-element_type=\"widget\" data-e-type=\"widget\" data-widget_type=\"text-editor.default\">\n\t\t\t\t<div class=\"elementor-widget-container\">\n\t\t\t\t\t\t\t\t\t\n<p>El original \u201cServicio Shears\u201d se realiza in situ. Nuestros t\u00e9cnicos disponen de la debida formaci\u00f3n, entienden las necesidades de los peluqueros y peluqueras, puesto que ellos mismos lo son, y dominan, adem\u00e1s, el arte del pulido. Resumiendo, se les considera los mejores.<\/p>\n<h3>Garant\u00eda de una larga vida \u00fatil<\/h3>\n<p>La compra de unas tijeras de primera calidad representa una inversi\u00f3n. No se debe olvidar que los utensilios con una vida \u00fatil potencialmente larga tambi\u00e9n son susceptibles de da\u00f1arse como resultado de un uso inadecuado.<\/p>\n\n<h3>Se deben seguir las siguientes indicaciones:<\/h3>\n\n<ul class=\"wp-block-list\">\n<li>Limpie la superficie de la hoja tras cada uso con un pa\u00f1o suave y limpio o con un pa\u00f1o de silicona especialmente dise\u00f1ado para ello.\u00a0<\/li>\n<li>Trate las tijeras con cuidado. No apile las tijeras ni las deje caer sobre una superficie dura. Al dejar las tijeras sobre una superficie de trabajo se corre el riesgo de quedar ocultadas por una toalla y, a consecuencia, caigan al suelo y los bordes de corte resultan da\u00f1ados.\u00a0<\/li>\n<li>Use una cartuchera especial para colocar las tijeras y acost\u00fambrese a guardarlas en la misma despu\u00e9s de cada uso.\u00a0<\/li>\n<li>Controle regularmente la tensi\u00f3n de sus tijeras. Si la tensi\u00f3n es demasiado elevada, las hojas rozar\u00e1n. Si es demasiado baja, sentir\u00e1 que tiene menos control y pueden aparecer muescas en las hojas. Para controlar la tensi\u00f3n, sujete las tijeras con la mano izquierda en el dedal sin el reposa-dedo y la punta indicando hacia abajo. Sujete con la mano derecha el dedal con el reposa-dedo y abra las hojas de las tijeras formando una cruz. Suelte el dedal que sujeta con la mano derecha. Deber\u00e1 caer solo un poco. Si cae demasiado, la tensi\u00f3n es demasiado baja: si no cae nada, la tensi\u00f3n es demasiado elevada. Ajuste la tensi\u00f3n hasta que sea la adecuada.\u00a0<\/li>\n<li>Aseg\u00farese de que las tijeras son pulidas regularmente por un experto.<\/li>\n<\/ul>\n\t\t\t\t\t\t\t\t<\/div>\n\t\t\t\t<\/div>\n\t\t\t\t\t<\/div>\n\t\t<\/div>\n\t\t\t\t\t<\/div>\n\t\t<\/section>\n\t\t\t\t<\/div>","protected":false},"excerpt":{"rendered":"<p>De originele \u201cShears Service\u201d gebeurt intern. Onze hoog opgeleide technici zijn zelf ook kapper, dus vanzelfsprekend begrijpen zij uw behoeften en hebben ze de kunst van het slijpen geperfectioneerd. Kortom: ze worden erkend als de besten. Gegarandeerd een lange gebruiksduur Kwalitatief hoogwaardige scharen zijn een uitstekende investering. Vergeet echter niet dat instrumenten met een potenti\u00eble [&hellip;]<\/p>\n","protected":false},"author":1,"featured_media":0,"parent":0,"menu_order":0,"comment_status":"closed","ping_status":"closed","template":"elementor_header_footer","meta":{"footnotes":""},"class_list":["post-33","page","type-page","status-publish","hentry"],"jetpack_sharing_enabled":true,"_links":{"self":[{"href":"https:\/\/shears.nl\/es\/wp-json\/wp\/v2\/pages\/33","targetHints":{"allow":["GET"]}}],"collection":[{"href":"https:\/\/shears.nl\/es\/wp-json\/wp\/v2\/pages"}],"about":[{"href":"https:\/\/shears.nl\/es\/wp-json\/wp\/v2\/types\/page"}],"author":[{"embeddable":true,"href":"https:\/\/shears.nl\/es\/wp-json\/wp\/v2\/users\/1"}],"replies":[{"embeddable":true,"href":"https:\/\/shears.nl\/es\/wp-json\/wp\/v2\/comments?post=33"}],"version-history":[{"count":3,"href":"https:\/\/shears.nl\/es\/wp-json\/wp\/v2\/pages\/33\/revisions"}],"predecessor-version":[{"id":147,"href":"https:\/\/shears.nl\/es\/wp-json\/wp\/v2\/pages\/33\/revisions\/147"}],"wp:attachment":[{"href":"https:\/\/shears.nl\/es\/wp-json\/wp\/v2\/media?parent=33"}],"curies":[{"name":"wp","href":"https:\/\/api.w.org\/{rel}","templated":true}]}}