{"id":29,"date":"2020-11-02T14:12:01","date_gmt":"2020-11-02T14:12:01","guid":{"rendered":"https:\/\/shears.nl\/?page_id=29"},"modified":"2021-03-10T13:37:17","modified_gmt":"2021-03-10T13:37:17","slug":"garantie","status":"publish","type":"page","link":"https:\/\/shears.nl\/fr\/garantie\/","title":{"rendered":"Garantie"},"content":{"rendered":"<div data-elementor-type=\"wp-page\" data-elementor-id=\"29\" class=\"elementor elementor-29\" data-elementor-post-type=\"page\">\n\t\t\t\t\t\t<section class=\"elementor-section elementor-top-section elementor-element elementor-element-50784050 elementor-section-boxed elementor-section-height-default elementor-section-height-default\" data-id=\"50784050\" data-element_type=\"section\" data-e-type=\"section\">\n\t\t\t\t\t\t<div class=\"elementor-container elementor-column-gap-default\">\n\t\t\t\t\t<div class=\"elementor-column elementor-col-100 elementor-top-column elementor-element elementor-element-389fb3a7\" data-id=\"389fb3a7\" data-element_type=\"column\" data-e-type=\"column\">\n\t\t\t<div class=\"elementor-widget-wrap elementor-element-populated\">\n\t\t\t\t\t\t<div class=\"elementor-element elementor-element-26c1e777 elementor-widget elementor-widget-text-editor\" data-id=\"26c1e777\" data-element_type=\"widget\" data-e-type=\"widget\" data-widget_type=\"text-editor.default\">\n\t\t\t\t<div class=\"elementor-widget-container\">\n\t\t\t\t\t\t\t\t\t<p><\/p>\n<p>Vos cisailles Sakura sont con\u00e7ues et fabriqu\u00e9es par les meilleurs ma\u00eetres cisailles au monde. Nous sommes tellement fiers de notre travail que nous offrons une garantie inconditionnelle de 10 ans contre les d\u00e9fauts de mat\u00e9riaux et de fabrication sur nos mod\u00e8les Sakura.\u00a0<\/p>\n<p>Nous tenons un registre d\u00e9taill\u00e9 de l'entretien et de l'\u00e9tat de vos ciseaux ; nous savons donc exactement ce qui se passe et pouvons garantir un traitement optimal de vos ciseaux.<\/p>\n<p>Si cela s'av\u00e8re n\u00e9cessaire pour des raisons de clart\u00e9, nous pouvons vous envoyer un rapport avec des images microscopiques de vos ciseaux.<\/p>\n<p>Nous proposons \u00e9galement deux s\u00e9ances de broyage gratuites pour la s\u00e9rie Sakura. Tous les frais d'exp\u00e9dition et de manutention sont \u00e0 la charge du client. Cette garantie n'est pas valable lorsque les cisailles sont fabriqu\u00e9es par une partie autre que Shears Int. Entretenu, mal utilis\u00e9 ou utilis\u00e9 pour autre chose que couper les cheveux.<\/p>\n<p><\/p>\n<p><\/p>\n<p>Lors du retour pour entretien, veuillez toujours joindre la carte de garantie.<\/p>\n<p><\/p>\t\t\t\t\t\t\t\t<\/div>\n\t\t\t\t<\/div>\n\t\t\t\t\t<\/div>\n\t\t<\/div>\n\t\t\t\t\t<\/div>\n\t\t<\/section>\n\t\t\t\t<\/div>","protected":false},"excerpt":{"rendered":"<p>Uw Sakura-scharen zijn ontworpen en gemaakt door \u2018s werelds beste meester-scharenmakers. Wij zijn zo trots op ons werk dat we 10 jaar lang een onvoorwaardelijke garantie bieden op materiaal- en fabricagefouten van onze Sakura-modellen.\u00a0 Het onderhoud en de staat van uw schaar wordt in detail bijgehouden, zodat we continue de vinger aan de pols hebben [&hellip;]<\/p>\n","protected":false},"author":1,"featured_media":0,"parent":0,"menu_order":0,"comment_status":"closed","ping_status":"closed","template":"elementor_header_footer","meta":{"footnotes":""},"class_list":["post-29","page","type-page","status-publish","hentry"],"jetpack_sharing_enabled":true,"_links":{"self":[{"href":"https:\/\/shears.nl\/fr\/wp-json\/wp\/v2\/pages\/29","targetHints":{"allow":["GET"]}}],"collection":[{"href":"https:\/\/shears.nl\/fr\/wp-json\/wp\/v2\/pages"}],"about":[{"href":"https:\/\/shears.nl\/fr\/wp-json\/wp\/v2\/types\/page"}],"author":[{"embeddable":true,"href":"https:\/\/shears.nl\/fr\/wp-json\/wp\/v2\/users\/1"}],"replies":[{"embeddable":true,"href":"https:\/\/shears.nl\/fr\/wp-json\/wp\/v2\/comments?post=29"}],"version-history":[{"count":5,"href":"https:\/\/shears.nl\/fr\/wp-json\/wp\/v2\/pages\/29\/revisions"}],"predecessor-version":[{"id":1651,"href":"https:\/\/shears.nl\/fr\/wp-json\/wp\/v2\/pages\/29\/revisions\/1651"}],"wp:attachment":[{"href":"https:\/\/shears.nl\/fr\/wp-json\/wp\/v2\/media?parent=29"}],"curies":[{"name":"wp","href":"https:\/\/api.w.org\/{rel}","templated":true}]}}