{"id":33,"date":"2020-11-02T14:14:38","date_gmt":"2020-11-02T14:14:38","guid":{"rendered":"https:\/\/shears.nl\/?page_id=33"},"modified":"2020-11-04T14:06:01","modified_gmt":"2020-11-04T14:06:01","slug":"onderhoud","status":"publish","type":"page","link":"https:\/\/shears.nl\/fr\/onderhoud\/","title":{"rendered":"Entretien"},"content":{"rendered":"<div data-elementor-type=\"wp-page\" data-elementor-id=\"33\" class=\"elementor elementor-33\" data-elementor-post-type=\"page\">\n\t\t\t\t\t\t<section class=\"elementor-section elementor-top-section elementor-element elementor-element-2c75c53f elementor-section-boxed elementor-section-height-default elementor-section-height-default\" data-id=\"2c75c53f\" data-element_type=\"section\" data-e-type=\"section\">\n\t\t\t\t\t\t<div class=\"elementor-container elementor-column-gap-default\">\n\t\t\t\t\t<div class=\"elementor-column elementor-col-100 elementor-top-column elementor-element elementor-element-8888006\" data-id=\"8888006\" data-element_type=\"column\" data-e-type=\"column\">\n\t\t\t<div class=\"elementor-widget-wrap elementor-element-populated\">\n\t\t\t\t\t\t<div class=\"elementor-element elementor-element-7bae78ba elementor-widget elementor-widget-text-editor\" data-id=\"7bae78ba\" data-element_type=\"widget\" data-e-type=\"widget\" data-widget_type=\"text-editor.default\">\n\t\t\t\t<div class=\"elementor-widget-container\">\n\t\t\t\t\t\t\t\t\t\n<p>Le \u00ab Shears Service \u00bb est assur\u00e9 en interne. Nos techniciens exp\u00e9riment\u00e9s sont avant tout des coiffeurs, qui comprennent donc parfaitement vos besoins et ma\u00eetrisent mieux que personne l\u2019art d\u00e9licat du polissage. En un mot, ce sont les meilleurs.<\/p>\n<h3>Garantir une longue dur\u00e9e de vie<\/h3>\n<p>Poss\u00e9der des ciseaux de haute qualit\u00e9 est un investissement. N\u2019oublions pas que les instruments avec une longue dur\u00e9e de vie peuvent \u00eatre endommag\u00e9s par un entretien inappropri\u00e9.<\/p>\n\n<h3>Les instructions suivantes doivent donc \u00eatre respect\u00e9es:<\/h3>\n\n<ul class=\"wp-block-list\">\n<li>Apr\u00e8s utilisation, essuyez la surface de la lame avec un tissu propre et doux ou avec un tissu en silicone pr\u00e9vu \u00e0 cet effet.\u00a0<\/li>\n<li>Manipulez les ciseaux avec soin. N\u2019empilez jamais des paires de ciseaux les unes au-dessus des autres et ne les faites jamais tomber sur une surface dure. Une fois pos\u00e9s sur une surface de travail, les ciseaux sont souvent recouverts d\u2019une serviette puis projet\u00e9s accidentellement sur le sol, ce qui peut endommager le tranchant.\u00a0<\/li>\n<li>Utilisez un \u00e9tui sp\u00e9cial pour ranger vos ciseaux et prenez l\u2019habitude de toujours les ranger dans l\u2019\u00e9tui quand vous ne les utilisez pas.\u00a0<\/li>\n<li>V\u00e9rifiez r\u00e9guli\u00e8rement la tension de vos ciseaux. Si la tension est trop \u00e9lev\u00e9e, les lames grincent l\u2019une contre l\u2019autre. Si la tension est trop faible, vous aurez l\u2019impression de perdre le contr\u00f4le et les lames risquent de d\u00e9velopper des \u00e9br\u00e9chures. Pour v\u00e9rifier la tension, saisissez avec votre main gauche les ciseaux par l\u2019anneau sans repose-doigt, la pointe dirig\u00e9e vers le haut. Saisissez avec votre main droite l\u2019anneau avec le repose-doigt puis ouvrez les ciseaux pour former une croix. L\u00e2chez la branche que vous tenez dans votre main droite. Elle devrait descendre l\u00e9g\u00e8rement. Si la branche descend davantage, la tension est trop faible. Si la branche ne descend pas du tout, la tension est trop \u00e9lev\u00e9e. Ajustez ensuite correctement la tension.\u00a0<\/li>\n<li>Faites polir r\u00e9guli\u00e8rement vos ciseaux par un expert.<\/li>\n<\/ul>\n\t\t\t\t\t\t\t\t<\/div>\n\t\t\t\t<\/div>\n\t\t\t\t\t<\/div>\n\t\t<\/div>\n\t\t\t\t\t<\/div>\n\t\t<\/section>\n\t\t\t\t<\/div>","protected":false},"excerpt":{"rendered":"<p>De originele \u201cShears Service\u201d gebeurt intern. Onze hoog opgeleide technici zijn zelf ook kapper, dus vanzelfsprekend begrijpen zij uw behoeften en hebben ze de kunst van het slijpen geperfectioneerd. Kortom: ze worden erkend als de besten. Gegarandeerd een lange gebruiksduur Kwalitatief hoogwaardige scharen zijn een uitstekende investering. Vergeet echter niet dat instrumenten met een potenti\u00eble [&hellip;]<\/p>\n","protected":false},"author":1,"featured_media":0,"parent":0,"menu_order":0,"comment_status":"closed","ping_status":"closed","template":"elementor_header_footer","meta":{"footnotes":""},"class_list":["post-33","page","type-page","status-publish","hentry"],"jetpack_sharing_enabled":true,"_links":{"self":[{"href":"https:\/\/shears.nl\/fr\/wp-json\/wp\/v2\/pages\/33","targetHints":{"allow":["GET"]}}],"collection":[{"href":"https:\/\/shears.nl\/fr\/wp-json\/wp\/v2\/pages"}],"about":[{"href":"https:\/\/shears.nl\/fr\/wp-json\/wp\/v2\/types\/page"}],"author":[{"embeddable":true,"href":"https:\/\/shears.nl\/fr\/wp-json\/wp\/v2\/users\/1"}],"replies":[{"embeddable":true,"href":"https:\/\/shears.nl\/fr\/wp-json\/wp\/v2\/comments?post=33"}],"version-history":[{"count":3,"href":"https:\/\/shears.nl\/fr\/wp-json\/wp\/v2\/pages\/33\/revisions"}],"predecessor-version":[{"id":147,"href":"https:\/\/shears.nl\/fr\/wp-json\/wp\/v2\/pages\/33\/revisions\/147"}],"wp:attachment":[{"href":"https:\/\/shears.nl\/fr\/wp-json\/wp\/v2\/media?parent=33"}],"curies":[{"name":"wp","href":"https:\/\/api.w.org\/{rel}","templated":true}]}}