{"id":1609,"date":"2021-02-02T11:42:35","date_gmt":"2021-02-02T11:42:35","guid":{"rendered":"https:\/\/shears.nl\/?post_type=product&#038;p=1609"},"modified":"2022-12-31T10:32:40","modified_gmt":"2022-12-31T10:32:40","slug":"ozora","status":"publish","type":"product","link":"https:\/\/shears.nl\/fr\/produit\/ozora\/","title":{"rendered":"Ozora"},"content":{"rendered":"<p>Les ciseaux Ozora sont fabriqu\u00e9s en acier Hitachi 440C avec une duret\u00e9 de 59 HRC, ce qui garantit un tranchant durable de la lame. Le design ergonomique avec un d\u00e9calage moyen permet de garder les \u00e9paules d\u00e9tendues tandis que les coudes sont dirig\u00e9s vers le bas. Cette posture naturelle de coupe r\u00e9duit au minimum la tension dans le cou et les \u00e9paules.<\/p>","protected":false},"excerpt":{"rendered":"<p>De Ozora scharen zijn gemaakt van het Hitachi-staal 440C met een hardheid van 59 HRC, dit zorgt voor een langdurige scherpte van het blad. Het ergonomisch verantwoord ontwerp maakt gebruik van een medium offset. Uw schouders blijven in een ontspannen positie, terwijl de ellebogen naar beneden zijn gericht. Deze natuurlijke kniphouding zorgt voor een minimale [&hellip;]<\/p>\n","protected":false},"featured_media":1884,"template":"","meta":[],"product_brand":[159],"product_cat":[31],"product_tag":[],"class_list":{"0":"post-1609","1":"product","2":"type-product","3":"status-publish","4":"has-post-thumbnail","6":"product_brand-sakura","7":"product_cat-rechtshandige-scharen","8":"product_shipping_class-pakketzending","9":"pa_blades-hamaguri-convex-concave","10":"pa_ergonomics-medium-offset","11":"pa_hardness-59-hrc","12":"pa_size-5-5","13":"pa_size-6-0","14":"pa_specialty-ball-bearing","15":"pa_steeltype-440-c","17":"first","18":"instock","19":"taxable","20":"shipping-taxable","21":"purchasable","22":"product-type-variable"},"jetpack_sharing_enabled":true,"_links":{"self":[{"href":"https:\/\/shears.nl\/fr\/wp-json\/wp\/v2\/product\/1609","targetHints":{"allow":["GET"]}}],"collection":[{"href":"https:\/\/shears.nl\/fr\/wp-json\/wp\/v2\/product"}],"about":[{"href":"https:\/\/shears.nl\/fr\/wp-json\/wp\/v2\/types\/product"}],"version-history":[{"count":1,"href":"https:\/\/shears.nl\/fr\/wp-json\/wp\/v2\/product\/1609\/revisions"}],"predecessor-version":[{"id":1611,"href":"https:\/\/shears.nl\/fr\/wp-json\/wp\/v2\/product\/1609\/revisions\/1611"}],"wp:featuredmedia":[{"embeddable":true,"href":"https:\/\/shears.nl\/fr\/wp-json\/wp\/v2\/media\/1884"}],"wp:attachment":[{"href":"https:\/\/shears.nl\/fr\/wp-json\/wp\/v2\/media?parent=1609"}],"wp:term":[{"taxonomy":"product_brand","embeddable":true,"href":"https:\/\/shears.nl\/fr\/wp-json\/wp\/v2\/product_brand?post=1609"},{"taxonomy":"product_cat","embeddable":true,"href":"https:\/\/shears.nl\/fr\/wp-json\/wp\/v2\/product_cat?post=1609"},{"taxonomy":"product_tag","embeddable":true,"href":"https:\/\/shears.nl\/fr\/wp-json\/wp\/v2\/product_tag?post=1609"}],"curies":[{"name":"wp","href":"https:\/\/api.w.org\/{rel}","templated":true}]}}