{"id":31,"date":"2020-11-02T14:14:12","date_gmt":"2020-11-02T14:14:12","guid":{"rendered":"https:\/\/shears.nl\/?page_id=31"},"modified":"2021-04-09T17:50:42","modified_gmt":"2021-04-09T17:50:42","slug":"ergonomie","status":"publish","type":"page","link":"https:\/\/shears.nl\/it\/ergonomie\/","title":{"rendered":"Ergonomia"},"content":{"rendered":"<div data-elementor-type=\"wp-page\" data-elementor-id=\"31\" class=\"elementor elementor-31\" data-elementor-post-type=\"page\">\n\t\t\t\t\t\t<section class=\"elementor-section elementor-top-section elementor-element elementor-element-1463765 elementor-section-boxed elementor-section-height-default elementor-section-height-default\" data-id=\"1463765\" data-element_type=\"section\" data-e-type=\"section\">\n\t\t\t\t\t\t<div class=\"elementor-container elementor-column-gap-default\">\n\t\t\t\t\t<div class=\"elementor-column elementor-col-100 elementor-top-column elementor-element elementor-element-b328986\" data-id=\"b328986\" data-element_type=\"column\" data-e-type=\"column\">\n\t\t\t<div class=\"elementor-widget-wrap elementor-element-populated\">\n\t\t\t\t\t\t\t<\/div>\n\t\t<\/div>\n\t\t\t\t\t<\/div>\n\t\t<\/section>\n\t\t\t\t<section class=\"elementor-section elementor-top-section elementor-element elementor-element-b6da39c elementor-section-boxed elementor-section-height-default elementor-section-height-default\" data-id=\"b6da39c\" data-element_type=\"section\" data-e-type=\"section\">\n\t\t\t\t\t\t<div class=\"elementor-container elementor-column-gap-default\">\n\t\t\t\t\t<div class=\"elementor-column elementor-col-50 elementor-top-column elementor-element elementor-element-19817d8b\" data-id=\"19817d8b\" data-element_type=\"column\" data-e-type=\"column\">\n\t\t\t<div class=\"elementor-widget-wrap elementor-element-populated\">\n\t\t\t\t\t\t<div class=\"elementor-element elementor-element-bec5861 elementor-widget elementor-widget-image\" data-id=\"bec5861\" data-element_type=\"widget\" data-e-type=\"widget\" data-widget_type=\"image.default\">\n\t\t\t\t<div class=\"elementor-widget-container\">\n\t\t\t\t\t\t\t\t\t\t\t\t\t\t\t<img decoding=\"async\" width=\"200\" height=\"200\" src=\"https:\/\/shears.nl\/wp-content\/uploads\/2020\/11\/ergo1.jpg\" class=\"attachment-large size-large wp-image-139\" alt=\"\" srcset=\"https:\/\/shears.nl\/wp-content\/uploads\/2020\/11\/ergo1.jpg 200w, https:\/\/shears.nl\/wp-content\/uploads\/2020\/11\/ergo1-100x100.jpg 100w, https:\/\/shears.nl\/wp-content\/uploads\/2020\/11\/ergo1-150x150.jpg 150w\" sizes=\"(max-width: 200px) 100vw, 200px\" \/>\t\t\t\t\t\t\t\t\t\t\t\t\t\t\t<\/div>\n\t\t\t\t<\/div>\n\t\t\t\t\t<\/div>\n\t\t<\/div>\n\t\t\t\t<div class=\"elementor-column elementor-col-50 elementor-top-column elementor-element elementor-element-f7b621c\" data-id=\"f7b621c\" data-element_type=\"column\" data-e-type=\"column\">\n\t\t\t<div class=\"elementor-widget-wrap elementor-element-populated\">\n\t\t\t\t\t\t<div class=\"elementor-element elementor-element-31e8de56 elementor-widget elementor-widget-text-editor\" data-id=\"31e8de56\" data-element_type=\"widget\" data-e-type=\"widget\" data-widget_type=\"text-editor.default\">\n\t\t\t\t<div class=\"elementor-widget-container\">\n\t\t\t\t\t\t\t\t\t<p><span style=\"font-size: 1em;\">Circa il 70% di tutti i parrucchieri soffre di problemi alle spalle e al collo. <\/span><span style=\"font-size: 1em;\">Questi problemi sono causati dal sollevamento dei gomiti giorno dopo giorno. <\/span><span style=\"font-size: 1em;\">Pi\u00f9 alto \u00e8 il gomito, maggiore \u00e8 la tensione nelle spalle.<\/span><\/p>\t\t\t\t\t\t\t\t<\/div>\n\t\t\t\t<\/div>\n\t\t\t\t\t<\/div>\n\t\t<\/div>\n\t\t\t\t\t<\/div>\n\t\t<\/section>\n\t\t\t\t<section class=\"elementor-section elementor-top-section elementor-element elementor-element-4272a73 elementor-section-boxed elementor-section-height-default elementor-section-height-default\" data-id=\"4272a73\" data-element_type=\"section\" data-e-type=\"section\">\n\t\t\t\t\t\t<div class=\"elementor-container elementor-column-gap-default\">\n\t\t\t\t\t<div class=\"elementor-column elementor-col-50 elementor-top-column elementor-element elementor-element-abb5713\" data-id=\"abb5713\" data-element_type=\"column\" data-e-type=\"column\">\n\t\t\t<div class=\"elementor-widget-wrap elementor-element-populated\">\n\t\t\t\t\t\t<div class=\"elementor-element elementor-element-ab55608 elementor-widget elementor-widget-image\" data-id=\"ab55608\" data-element_type=\"widget\" data-e-type=\"widget\" data-widget_type=\"image.default\">\n\t\t\t\t<div class=\"elementor-widget-container\">\n\t\t\t\t\t\t\t\t\t\t\t\t\t\t\t<img decoding=\"async\" width=\"200\" height=\"200\" src=\"https:\/\/shears.nl\/wp-content\/uploads\/2020\/11\/ergo2.jpg\" class=\"attachment-large size-large wp-image-140\" alt=\"\" srcset=\"https:\/\/shears.nl\/wp-content\/uploads\/2020\/11\/ergo2.jpg 200w, https:\/\/shears.nl\/wp-content\/uploads\/2020\/11\/ergo2-100x100.jpg 100w, https:\/\/shears.nl\/wp-content\/uploads\/2020\/11\/ergo2-150x150.jpg 150w\" sizes=\"(max-width: 200px) 100vw, 200px\" \/>\t\t\t\t\t\t\t\t\t\t\t\t\t\t\t<\/div>\n\t\t\t\t<\/div>\n\t\t\t\t\t<\/div>\n\t\t<\/div>\n\t\t\t\t<div class=\"elementor-column elementor-col-50 elementor-top-column elementor-element elementor-element-051fea0\" data-id=\"051fea0\" data-element_type=\"column\" data-e-type=\"column\">\n\t\t\t<div class=\"elementor-widget-wrap elementor-element-populated\">\n\t\t\t\t\t\t<div class=\"elementor-element elementor-element-50d1f3f elementor-widget elementor-widget-text-editor\" data-id=\"50d1f3f\" data-element_type=\"widget\" data-e-type=\"widget\" data-widget_type=\"text-editor.default\">\n\t\t\t\t<div class=\"elementor-widget-container\">\n\t\t\t\t\t\t\t\t\t<p><\/p>\n<h2>OFFSET<\/h2>\n<p>Le forbici Sakura\u00ae hanno un design ergonomico e vanno da un offset piccolo o normale a un offset grande.<br \/>Il design che si sente meglio in mano e che funziona meglio varia da persona a persona.<\/p>\t\t\t\t\t\t\t\t<\/div>\n\t\t\t\t<\/div>\n\t\t\t\t\t<\/div>\n\t\t<\/div>\n\t\t\t\t\t<\/div>\n\t\t<\/section>\n\t\t\t\t<section class=\"elementor-section elementor-top-section elementor-element elementor-element-3ed904e elementor-section-boxed elementor-section-height-default elementor-section-height-default\" data-id=\"3ed904e\" data-element_type=\"section\" data-e-type=\"section\">\n\t\t\t\t\t\t<div class=\"elementor-container elementor-column-gap-default\">\n\t\t\t\t\t<div class=\"elementor-column elementor-col-50 elementor-top-column elementor-element elementor-element-3c9c9fc\" data-id=\"3c9c9fc\" data-element_type=\"column\" data-e-type=\"column\">\n\t\t\t<div class=\"elementor-widget-wrap elementor-element-populated\">\n\t\t\t\t\t\t<div class=\"elementor-element elementor-element-29ed525 elementor-widget elementor-widget-image\" data-id=\"29ed525\" data-element_type=\"widget\" data-e-type=\"widget\" data-widget_type=\"image.default\">\n\t\t\t\t<div class=\"elementor-widget-container\">\n\t\t\t\t\t\t\t\t\t\t\t\t\t\t\t<img decoding=\"async\" width=\"200\" height=\"200\" src=\"https:\/\/shears.nl\/wp-content\/uploads\/2020\/11\/ergo3.jpg\" class=\"attachment-large size-large wp-image-141\" alt=\"\" srcset=\"https:\/\/shears.nl\/wp-content\/uploads\/2020\/11\/ergo3.jpg 200w, https:\/\/shears.nl\/wp-content\/uploads\/2020\/11\/ergo3-100x100.jpg 100w, https:\/\/shears.nl\/wp-content\/uploads\/2020\/11\/ergo3-150x150.jpg 150w\" sizes=\"(max-width: 200px) 100vw, 200px\" \/>\t\t\t\t\t\t\t\t\t\t\t\t\t\t\t<\/div>\n\t\t\t\t<\/div>\n\t\t\t\t\t<\/div>\n\t\t<\/div>\n\t\t\t\t<div class=\"elementor-column elementor-col-50 elementor-top-column elementor-element elementor-element-ec7a0ff\" data-id=\"ec7a0ff\" data-element_type=\"column\" data-e-type=\"column\">\n\t\t\t<div class=\"elementor-widget-wrap elementor-element-populated\">\n\t\t\t\t\t\t<div class=\"elementor-element elementor-element-6954eb5 elementor-widget elementor-widget-text-editor\" data-id=\"6954eb5\" data-element_type=\"widget\" data-e-type=\"widget\" data-widget_type=\"text-editor.default\">\n\t\t\t\t<div class=\"elementor-widget-container\">\n\t\t\t\t\t\t\t\t\t\n<h2>GRANDE OFFSET<\/h2>\n<h2><\/h2>\n<p>Le forbici sfalsate mantengono le spalle in una posizione rilassata ei gomiti sempre rivolti verso il basso.<\/p>\n\t\t\t\t\t\t\t\t<\/div>\n\t\t\t\t<\/div>\n\t\t\t\t\t<\/div>\n\t\t<\/div>\n\t\t\t\t\t<\/div>\n\t\t<\/section>\n\t\t\t\t<section class=\"elementor-section elementor-top-section elementor-element elementor-element-c5348bf elementor-section-boxed elementor-section-height-default elementor-section-height-default\" data-id=\"c5348bf\" data-element_type=\"section\" data-e-type=\"section\">\n\t\t\t\t\t\t<div class=\"elementor-container elementor-column-gap-default\">\n\t\t\t\t\t<div class=\"elementor-column elementor-col-50 elementor-top-column elementor-element elementor-element-6a014e4\" data-id=\"6a014e4\" data-element_type=\"column\" data-e-type=\"column\">\n\t\t\t<div class=\"elementor-widget-wrap elementor-element-populated\">\n\t\t\t\t\t\t<div class=\"elementor-element elementor-element-904c967 elementor-widget elementor-widget-image\" data-id=\"904c967\" data-element_type=\"widget\" data-e-type=\"widget\" data-widget_type=\"image.default\">\n\t\t\t\t<div class=\"elementor-widget-container\">\n\t\t\t\t\t\t\t\t\t\t\t\t\t\t\t<img loading=\"lazy\" decoding=\"async\" width=\"252\" height=\"200\" src=\"https:\/\/shears.nl\/wp-content\/uploads\/2020\/11\/ergo4.jpg\" class=\"attachment-large size-large wp-image-142\" alt=\"\" \/>\t\t\t\t\t\t\t\t\t\t\t\t\t\t\t<\/div>\n\t\t\t\t<\/div>\n\t\t\t\t\t<\/div>\n\t\t<\/div>\n\t\t\t\t<div class=\"elementor-column elementor-col-50 elementor-top-column elementor-element elementor-element-4d6e2f6\" data-id=\"4d6e2f6\" data-element_type=\"column\" data-e-type=\"column\">\n\t\t\t<div class=\"elementor-widget-wrap elementor-element-populated\">\n\t\t\t\t\t\t<div class=\"elementor-element elementor-element-b8baf8c elementor-widget elementor-widget-text-editor\" data-id=\"b8baf8c\" data-element_type=\"widget\" data-e-type=\"widget\" data-widget_type=\"text-editor.default\">\n\t\t\t\t<div class=\"elementor-widget-container\">\n\t\t\t\t\t\t\t\t\t\n<h2>TECNICA DI TAGLIO NORMALE<\/h2>\n<h2><\/h2>\n<p>Circa il 70% di tutti i parrucchieri soffre di problemi alle spalle e al collo. Questi problemi sono causati dal sollevamento dei gomiti giorno dopo giorno. Pi\u00f9 alto \u00e8 il gomito, maggiore \u00e8 la tensione nelle spalle.<\/p>\n\t\t\t\t\t\t\t\t<\/div>\n\t\t\t\t<\/div>\n\t\t\t\t\t<\/div>\n\t\t<\/div>\n\t\t\t\t\t<\/div>\n\t\t<\/section>\n\t\t\t\t<section class=\"elementor-section elementor-top-section elementor-element elementor-element-0003801 elementor-section-boxed elementor-section-height-default elementor-section-height-default\" data-id=\"0003801\" data-element_type=\"section\" data-e-type=\"section\">\n\t\t\t\t\t\t<div class=\"elementor-container elementor-column-gap-default\">\n\t\t\t\t\t<div class=\"elementor-column elementor-col-50 elementor-top-column elementor-element elementor-element-16f34b5\" data-id=\"16f34b5\" data-element_type=\"column\" data-e-type=\"column\">\n\t\t\t<div class=\"elementor-widget-wrap elementor-element-populated\">\n\t\t\t\t\t\t<div class=\"elementor-element elementor-element-4bbc9eb elementor-widget elementor-widget-image\" data-id=\"4bbc9eb\" data-element_type=\"widget\" data-e-type=\"widget\" data-widget_type=\"image.default\">\n\t\t\t\t<div class=\"elementor-widget-container\">\n\t\t\t\t\t\t\t\t\t\t\t\t\t\t\t<img loading=\"lazy\" decoding=\"async\" width=\"200\" height=\"200\" src=\"https:\/\/shears.nl\/wp-content\/uploads\/2020\/11\/ergo5.jpg\" class=\"attachment-large size-large wp-image-143\" alt=\"\" srcset=\"https:\/\/shears.nl\/wp-content\/uploads\/2020\/11\/ergo5.jpg 200w, https:\/\/shears.nl\/wp-content\/uploads\/2020\/11\/ergo5-100x100.jpg 100w, https:\/\/shears.nl\/wp-content\/uploads\/2020\/11\/ergo5-150x150.jpg 150w\" sizes=\"(max-width: 200px) 100vw, 200px\" \/>\t\t\t\t\t\t\t\t\t\t\t\t\t\t\t<\/div>\n\t\t\t\t<\/div>\n\t\t\t\t\t<\/div>\n\t\t<\/div>\n\t\t\t\t<div class=\"elementor-column elementor-col-50 elementor-top-column elementor-element elementor-element-1d62fa8\" data-id=\"1d62fa8\" data-element_type=\"column\" data-e-type=\"column\">\n\t\t\t<div class=\"elementor-widget-wrap elementor-element-populated\">\n\t\t\t\t\t\t<div class=\"elementor-element elementor-element-aaef5bf elementor-widget elementor-widget-text-editor\" data-id=\"aaef5bf\" data-element_type=\"widget\" data-e-type=\"widget\" data-widget_type=\"text-editor.default\">\n\t\t\t\t<div class=\"elementor-widget-container\">\n\t\t\t\t\t\t\t\t\t\n<h2>GRANDE OFFSET<\/h2>\n\n<p>Le forbici sfalsate mantengono le spalle in una posizione rilassata ei gomiti sempre rivolti verso il basso. Soprattutto quando viene utilizzata la tecnica di taglio overhand.<\/p>\n\t\t\t\t\t\t\t\t<\/div>\n\t\t\t\t<\/div>\n\t\t\t\t\t<\/div>\n\t\t<\/div>\n\t\t\t\t\t<\/div>\n\t\t<\/section>\n\t\t\t\t<\/div>","protected":false},"excerpt":{"rendered":"<p>Zo\u2019n 70% van alle kappers heeft last van schouder- en nekproblemen. Deze problemen worden veroorzaakt doordat de ellebogen dag in dag uit opgetild gehouden worden. Hoe hoger de elleboog gehouden wordt, hoe groter de spanning in de schouders. OFFSET Sakura\u00ae-scharen hebben een ergonomisch ontwerp en vari\u00ebren van een kleine of normale offset tot een grote [&hellip;]<\/p>\n","protected":false},"author":1,"featured_media":0,"parent":0,"menu_order":0,"comment_status":"closed","ping_status":"closed","template":"elementor_header_footer","meta":{"footnotes":""},"class_list":["post-31","page","type-page","status-publish","hentry"],"jetpack_sharing_enabled":true,"_links":{"self":[{"href":"https:\/\/shears.nl\/it\/wp-json\/wp\/v2\/pages\/31","targetHints":{"allow":["GET"]}}],"collection":[{"href":"https:\/\/shears.nl\/it\/wp-json\/wp\/v2\/pages"}],"about":[{"href":"https:\/\/shears.nl\/it\/wp-json\/wp\/v2\/types\/page"}],"author":[{"embeddable":true,"href":"https:\/\/shears.nl\/it\/wp-json\/wp\/v2\/users\/1"}],"replies":[{"embeddable":true,"href":"https:\/\/shears.nl\/it\/wp-json\/wp\/v2\/comments?post=31"}],"version-history":[{"count":5,"href":"https:\/\/shears.nl\/it\/wp-json\/wp\/v2\/pages\/31\/revisions"}],"predecessor-version":[{"id":1669,"href":"https:\/\/shears.nl\/it\/wp-json\/wp\/v2\/pages\/31\/revisions\/1669"}],"wp:attachment":[{"href":"https:\/\/shears.nl\/it\/wp-json\/wp\/v2\/media?parent=31"}],"curies":[{"name":"wp","href":"https:\/\/api.w.org\/{rel}","templated":true}]}}