{"id":35,"date":"2020-11-02T14:17:24","date_gmt":"2020-11-02T14:17:24","guid":{"rendered":"https:\/\/shears.nl\/?page_id=35"},"modified":"2023-06-01T07:53:49","modified_gmt":"2023-06-01T07:53:49","slug":"custom-made","status":"publish","type":"page","link":"https:\/\/shears.nl\/nb\/custom-made\/","title":{"rendered":"Skreddersydd"},"content":{"rendered":"<div data-elementor-type=\"wp-page\" data-elementor-id=\"35\" class=\"elementor elementor-35\" data-elementor-post-type=\"page\">\n\t\t\t\t\t\t<section class=\"elementor-section elementor-top-section elementor-element elementor-element-bde87ce elementor-section-full_width elementor-section-height-default elementor-section-height-default\" data-id=\"bde87ce\" data-element_type=\"section\" data-e-type=\"section\">\n\t\t\t\t\t\t<div class=\"elementor-container elementor-column-gap-default\">\n\t\t\t\t\t<div class=\"elementor-column elementor-col-100 elementor-top-column elementor-element elementor-element-c4f4f25\" data-id=\"c4f4f25\" data-element_type=\"column\" data-e-type=\"column\">\n\t\t\t<div class=\"elementor-widget-wrap elementor-element-populated\">\n\t\t\t\t\t\t<div class=\"elementor-element elementor-element-bbe8ff8 elementor-widget elementor-widget-image\" data-id=\"bbe8ff8\" data-element_type=\"widget\" data-e-type=\"widget\" data-widget_type=\"image.default\">\n\t\t\t\t<div class=\"elementor-widget-container\">\n\t\t\t\t\t\t\t\t\t\t\t\t\t\t\t<img fetchpriority=\"high\" decoding=\"async\" width=\"1920\" height=\"300\" src=\"https:\/\/shears.nl\/wp-content\/uploads\/2020\/11\/landing-header.jpg\" class=\"attachment-full size-full wp-image-24\" alt=\"\" srcset=\"https:\/\/shears.nl\/wp-content\/uploads\/2020\/11\/landing-header.jpg 1920w, https:\/\/shears.nl\/wp-content\/uploads\/2020\/11\/landing-header-300x47.jpg 300w, https:\/\/shears.nl\/wp-content\/uploads\/2020\/11\/landing-header-600x94.jpg 600w, https:\/\/shears.nl\/wp-content\/uploads\/2020\/11\/landing-header-1024x160.jpg 1024w, https:\/\/shears.nl\/wp-content\/uploads\/2020\/11\/landing-header-768x120.jpg 768w, https:\/\/shears.nl\/wp-content\/uploads\/2020\/11\/landing-header-1536x240.jpg 1536w\" sizes=\"(max-width: 1920px) 100vw, 1920px\" \/>\t\t\t\t\t\t\t\t\t\t\t\t\t\t\t<\/div>\n\t\t\t\t<\/div>\n\t\t\t\t\t<\/div>\n\t\t<\/div>\n\t\t\t\t\t<\/div>\n\t\t<\/section>\n\t\t\t\t<section class=\"elementor-section elementor-top-section elementor-element elementor-element-244ff65c elementor-section-boxed elementor-section-height-default elementor-section-height-default\" data-id=\"244ff65c\" data-element_type=\"section\" data-e-type=\"section\">\n\t\t\t\t\t\t<div class=\"elementor-container elementor-column-gap-default\">\n\t\t\t\t\t<div class=\"elementor-column elementor-col-100 elementor-top-column elementor-element elementor-element-14be348c\" data-id=\"14be348c\" data-element_type=\"column\" data-e-type=\"column\">\n\t\t\t<div class=\"elementor-widget-wrap elementor-element-populated\">\n\t\t\t\t\t\t<div class=\"elementor-element elementor-element-8698852 elementor-widget elementor-widget-text-editor\" data-id=\"8698852\" data-element_type=\"widget\" data-e-type=\"widget\" data-widget_type=\"text-editor.default\">\n\t\t\t\t<div class=\"elementor-widget-container\">\n\t\t\t\t\t\t\t\t\t<h3>F\u00e5 saksene dine tilpasset dine egne \u00f8nsker og behov for \u00e5 \u00f8ke din personlige komfort.<\/h3>\t\t\t\t\t\t\t\t<\/div>\n\t\t\t\t<\/div>\n\t\t\t\t<div class=\"elementor-element elementor-element-62fb2ad elementor-widget elementor-widget-text-editor\" data-id=\"62fb2ad\" data-element_type=\"widget\" data-e-type=\"widget\" data-widget_type=\"text-editor.default\">\n\t\t\t\t<div class=\"elementor-widget-container\">\n\t\t\t\t\t\t\t\t\t\n<h3 class=\"wp-block-heading\">laget p\u00e5 bestilling<\/h3>\n\n\n\n<p>For individuelle behov og personlig komfort, kan vi justere Sakura-serien slik at du f\u00e5r dine \u00f8nsker oppfylt. Mer spesifikt, vi kan legge til mer offset (ergonomisk form) eller personlig justering av tommelhull.<\/p>\n\n\n\n<p><small>Nedenfor er noen eksempler p\u00e5 justeringer som vi kan gj\u00f8re for deg p\u00e5 foresp\u00f8rsel.<\/small><\/p>\n\t\t\t\t\t\t\t\t<\/div>\n\t\t\t\t<\/div>\n\t\t\t\t\t<\/div>\n\t\t<\/div>\n\t\t\t\t\t<\/div>\n\t\t<\/section>\n\t\t\t\t<section class=\"elementor-section elementor-top-section elementor-element elementor-element-77cb10b elementor-section-boxed elementor-section-height-default elementor-section-height-default\" data-id=\"77cb10b\" data-element_type=\"section\" data-e-type=\"section\">\n\t\t\t\t\t\t<div class=\"elementor-container elementor-column-gap-default\">\n\t\t\t\t\t<div class=\"elementor-column elementor-col-100 elementor-top-column elementor-element elementor-element-fde5c61\" data-id=\"fde5c61\" data-element_type=\"column\" data-e-type=\"column\">\n\t\t\t<div class=\"elementor-widget-wrap elementor-element-populated\">\n\t\t\t\t\t\t<section class=\"elementor-section elementor-inner-section elementor-element elementor-element-bfbe254 elementor-section-boxed elementor-section-height-default elementor-section-height-default\" data-id=\"bfbe254\" data-element_type=\"section\" data-e-type=\"section\">\n\t\t\t\t\t\t<div class=\"elementor-container elementor-column-gap-default\">\n\t\t\t\t\t<div class=\"elementor-column elementor-col-50 elementor-inner-column elementor-element elementor-element-908695c\" data-id=\"908695c\" data-element_type=\"column\" data-e-type=\"column\">\n\t\t\t<div class=\"elementor-widget-wrap elementor-element-populated\">\n\t\t\t\t\t\t<div class=\"elementor-element elementor-element-f8bbab4 elementor-widget elementor-widget-image\" data-id=\"f8bbab4\" data-element_type=\"widget\" data-e-type=\"widget\" data-widget_type=\"image.default\">\n\t\t\t\t<div class=\"elementor-widget-container\">\n\t\t\t\t\t\t\t\t\t\t\t\t\t\t\t<img decoding=\"async\" width=\"540\" height=\"240\" src=\"https:\/\/shears.nl\/wp-content\/uploads\/2020\/11\/s-20-custom_1.png\" class=\"attachment-large size-large wp-image-156\" alt=\"\" srcset=\"https:\/\/shears.nl\/wp-content\/uploads\/2020\/11\/s-20-custom_1.png 540w, https:\/\/shears.nl\/wp-content\/uploads\/2020\/11\/s-20-custom_1-300x133.png 300w\" sizes=\"(max-width: 540px) 100vw, 540px\" \/>\t\t\t\t\t\t\t\t\t\t\t\t\t\t\t<\/div>\n\t\t\t\t<\/div>\n\t\t\t\t<div class=\"elementor-element elementor-element-5983ab6 elementor-widget elementor-widget-text-editor\" data-id=\"5983ab6\" data-element_type=\"widget\" data-e-type=\"widget\" data-widget_type=\"text-editor.default\">\n\t\t\t\t<div class=\"elementor-widget-container\">\n\t\t\t\t\t\t\t\t\t<p>S20-modellen har en litt mer offset form og justering for tommelhull. Passer til enhver tommelst\u00f8rrelse.<\/p>\t\t\t\t\t\t\t\t<\/div>\n\t\t\t\t<\/div>\n\t\t\t\t\t<\/div>\n\t\t<\/div>\n\t\t\t\t<div class=\"elementor-column elementor-col-50 elementor-inner-column elementor-element elementor-element-cf4f232\" data-id=\"cf4f232\" data-element_type=\"column\" data-e-type=\"column\">\n\t\t\t<div class=\"elementor-widget-wrap elementor-element-populated\">\n\t\t\t\t\t\t<div class=\"elementor-element elementor-element-221159d elementor-widget elementor-widget-image\" data-id=\"221159d\" data-element_type=\"widget\" data-e-type=\"widget\" data-widget_type=\"image.default\">\n\t\t\t\t<div class=\"elementor-widget-container\">\n\t\t\t\t\t\t\t\t\t\t\t\t\t\t\t<img decoding=\"async\" width=\"540\" height=\"240\" src=\"https:\/\/shears.nl\/wp-content\/uploads\/2020\/11\/s-60-custom_1.png\" class=\"attachment-large size-large wp-image-157\" alt=\"\" srcset=\"https:\/\/shears.nl\/wp-content\/uploads\/2020\/11\/s-60-custom_1.png 540w, https:\/\/shears.nl\/wp-content\/uploads\/2020\/11\/s-60-custom_1-300x133.png 300w\" sizes=\"(max-width: 540px) 100vw, 540px\" \/>\t\t\t\t\t\t\t\t\t\t\t\t\t\t\t<\/div>\n\t\t\t\t<\/div>\n\t\t\t\t<div class=\"elementor-element elementor-element-82d125f elementor-widget elementor-widget-text-editor\" data-id=\"82d125f\" data-element_type=\"widget\" data-e-type=\"widget\" data-widget_type=\"text-editor.default\">\n\t\t\t\t<div class=\"elementor-widget-container\">\n\t\t\t\t\t\t\t\t\t<p>S60-modellen har en meget sterkt offset form og justering for tommelhull.<\/p>\t\t\t\t\t\t\t\t<\/div>\n\t\t\t\t<\/div>\n\t\t\t\t\t<\/div>\n\t\t<\/div>\n\t\t\t\t\t<\/div>\n\t\t<\/section>\n\t\t\t\t\t<\/div>\n\t\t<\/div>\n\t\t\t\t\t<\/div>\n\t\t<\/section>\n\t\t\t\t<section class=\"elementor-section elementor-top-section elementor-element elementor-element-059fab7 elementor-section-boxed elementor-section-height-default elementor-section-height-default\" data-id=\"059fab7\" data-element_type=\"section\" data-e-type=\"section\" data-settings=\"{&quot;background_background&quot;:&quot;classic&quot;}\">\n\t\t\t\t\t\t<div class=\"elementor-container elementor-column-gap-default\">\n\t\t\t\t\t<div class=\"elementor-column elementor-col-100 elementor-top-column elementor-element elementor-element-8b97096\" data-id=\"8b97096\" data-element_type=\"column\" data-e-type=\"column\">\n\t\t\t<div class=\"elementor-widget-wrap elementor-element-populated\">\n\t\t\t\t\t\t<div class=\"elementor-element elementor-element-6c47fd6 elementor-widget elementor-widget-text-editor\" data-id=\"6c47fd6\" data-element_type=\"widget\" data-e-type=\"widget\" data-widget_type=\"text-editor.default\">\n\t\t\t\t<div class=\"elementor-widget-container\">\n\t\t\t\t\t\t\t\t\t<p>De to bildene nedenfor er ogs\u00e5 eksempler p\u00e5 hvordan vi i Shears International kan tilpasse hver saks i samlingen v\u00e5r til kundens behov.<\/p>\t\t\t\t\t\t\t\t<\/div>\n\t\t\t\t<\/div>\n\t\t\t\t<section class=\"elementor-section elementor-inner-section elementor-element elementor-element-9794443 elementor-section-boxed elementor-section-height-default elementor-section-height-default\" data-id=\"9794443\" data-element_type=\"section\" data-e-type=\"section\" data-settings=\"{&quot;background_background&quot;:&quot;classic&quot;}\">\n\t\t\t\t\t\t<div class=\"elementor-container elementor-column-gap-default\">\n\t\t\t\t\t<div class=\"elementor-column elementor-col-50 elementor-inner-column elementor-element elementor-element-44dba05\" data-id=\"44dba05\" data-element_type=\"column\" data-e-type=\"column\">\n\t\t\t<div class=\"elementor-widget-wrap elementor-element-populated\">\n\t\t\t\t\t\t<div class=\"elementor-element elementor-element-9a386a9 elementor-widget elementor-widget-image\" data-id=\"9a386a9\" data-element_type=\"widget\" data-e-type=\"widget\" data-widget_type=\"image.default\">\n\t\t\t\t<div class=\"elementor-widget-container\">\n\t\t\t\t\t\t\t\t\t\t\t\t\t\t\t<img loading=\"lazy\" decoding=\"async\" width=\"800\" height=\"365\" src=\"https:\/\/shears.nl\/wp-content\/uploads\/2023\/05\/Ozora-custum-made--1024x467.png\" class=\"attachment-large size-large wp-image-2098\" alt=\"\" srcset=\"https:\/\/shears.nl\/wp-content\/uploads\/2023\/05\/Ozora-custum-made--1024x467.png 1024w, https:\/\/shears.nl\/wp-content\/uploads\/2023\/05\/Ozora-custum-made--300x137.png 300w, https:\/\/shears.nl\/wp-content\/uploads\/2023\/05\/Ozora-custum-made--768x350.png 768w, https:\/\/shears.nl\/wp-content\/uploads\/2023\/05\/Ozora-custum-made--18x8.png 18w, https:\/\/shears.nl\/wp-content\/uploads\/2023\/05\/Ozora-custum-made--600x274.png 600w, https:\/\/shears.nl\/wp-content\/uploads\/2023\/05\/Ozora-custum-made-.png 1200w\" sizes=\"(max-width: 800px) 100vw, 800px\" \/>\t\t\t\t\t\t\t\t\t\t\t\t\t\t\t<\/div>\n\t\t\t\t<\/div>\n\t\t\t\t\t<\/div>\n\t\t<\/div>\n\t\t\t\t<div class=\"elementor-column elementor-col-50 elementor-inner-column elementor-element elementor-element-39affc2\" data-id=\"39affc2\" data-element_type=\"column\" data-e-type=\"column\">\n\t\t\t<div class=\"elementor-widget-wrap elementor-element-populated\">\n\t\t\t\t\t\t<div class=\"elementor-element elementor-element-61bb6d3 elementor-widget elementor-widget-image\" data-id=\"61bb6d3\" data-element_type=\"widget\" data-e-type=\"widget\" data-widget_type=\"image.default\">\n\t\t\t\t<div class=\"elementor-widget-container\">\n\t\t\t\t\t\t\t\t\t\t\t\t\t\t\t<img loading=\"lazy\" decoding=\"async\" width=\"800\" height=\"366\" src=\"https:\/\/shears.nl\/wp-content\/uploads\/2023\/05\/Ozora-custum-made-texturizer-1024x468.png\" class=\"attachment-large size-large wp-image-2099\" alt=\"\" srcset=\"https:\/\/shears.nl\/wp-content\/uploads\/2023\/05\/Ozora-custum-made-texturizer-1024x468.png 1024w, https:\/\/shears.nl\/wp-content\/uploads\/2023\/05\/Ozora-custum-made-texturizer-300x137.png 300w, https:\/\/shears.nl\/wp-content\/uploads\/2023\/05\/Ozora-custum-made-texturizer-768x351.png 768w, https:\/\/shears.nl\/wp-content\/uploads\/2023\/05\/Ozora-custum-made-texturizer-18x8.png 18w, https:\/\/shears.nl\/wp-content\/uploads\/2023\/05\/Ozora-custum-made-texturizer-600x274.png 600w, https:\/\/shears.nl\/wp-content\/uploads\/2023\/05\/Ozora-custum-made-texturizer.png 1200w\" sizes=\"(max-width: 800px) 100vw, 800px\" \/>\t\t\t\t\t\t\t\t\t\t\t\t\t\t\t<\/div>\n\t\t\t\t<\/div>\n\t\t\t\t\t<\/div>\n\t\t<\/div>\n\t\t\t\t\t<\/div>\n\t\t<\/section>\n\t\t\t\t<section class=\"elementor-section elementor-inner-section elementor-element elementor-element-9f23662 elementor-section-boxed elementor-section-height-default elementor-section-height-default\" data-id=\"9f23662\" data-element_type=\"section\" data-e-type=\"section\" data-settings=\"{&quot;background_background&quot;:&quot;classic&quot;}\">\n\t\t\t\t\t\t<div class=\"elementor-container elementor-column-gap-default\">\n\t\t\t\t\t<div class=\"elementor-column elementor-col-50 elementor-inner-column elementor-element elementor-element-e63fcfe\" data-id=\"e63fcfe\" data-element_type=\"column\" data-e-type=\"column\">\n\t\t\t<div class=\"elementor-widget-wrap elementor-element-populated\">\n\t\t\t\t\t\t<div class=\"elementor-element elementor-element-c90a996 elementor-widget elementor-widget-image\" data-id=\"c90a996\" data-element_type=\"widget\" data-e-type=\"widget\" data-widget_type=\"image.default\">\n\t\t\t\t<div class=\"elementor-widget-container\">\n\t\t\t\t\t\t\t\t\t\t\t\t\t\t\t<img loading=\"lazy\" decoding=\"async\" width=\"540\" height=\"240\" src=\"https:\/\/shears.nl\/wp-content\/uploads\/2020\/11\/custom-s20.png\" class=\"attachment-large size-large wp-image-154\" alt=\"\" srcset=\"https:\/\/shears.nl\/wp-content\/uploads\/2020\/11\/custom-s20.png 540w, https:\/\/shears.nl\/wp-content\/uploads\/2020\/11\/custom-s20-300x133.png 300w\" sizes=\"(max-width: 540px) 100vw, 540px\" \/>\t\t\t\t\t\t\t\t\t\t\t\t\t\t\t<\/div>\n\t\t\t\t<\/div>\n\t\t\t\t\t<\/div>\n\t\t<\/div>\n\t\t\t\t<div class=\"elementor-column elementor-col-50 elementor-inner-column elementor-element elementor-element-53ba22d\" data-id=\"53ba22d\" data-element_type=\"column\" data-e-type=\"column\">\n\t\t\t<div class=\"elementor-widget-wrap elementor-element-populated\">\n\t\t\t\t\t\t<div class=\"elementor-element elementor-element-9f02e27 elementor-widget elementor-widget-image\" data-id=\"9f02e27\" data-element_type=\"widget\" data-e-type=\"widget\" data-widget_type=\"image.default\">\n\t\t\t\t<div class=\"elementor-widget-container\">\n\t\t\t\t\t\t\t\t\t\t\t\t\t\t\t<img loading=\"lazy\" decoding=\"async\" width=\"540\" height=\"240\" src=\"https:\/\/shears.nl\/wp-content\/uploads\/2020\/11\/custom-s70.png\" class=\"attachment-large size-large wp-image-155\" alt=\"\" srcset=\"https:\/\/shears.nl\/wp-content\/uploads\/2020\/11\/custom-s70.png 540w, https:\/\/shears.nl\/wp-content\/uploads\/2020\/11\/custom-s70-300x133.png 300w\" sizes=\"(max-width: 540px) 100vw, 540px\" \/>\t\t\t\t\t\t\t\t\t\t\t\t\t\t\t<\/div>\n\t\t\t\t<\/div>\n\t\t\t\t\t<\/div>\n\t\t<\/div>\n\t\t\t\t\t<\/div>\n\t\t<\/section>\n\t\t\t\t\t<\/div>\n\t\t<\/div>\n\t\t\t\t\t<\/div>\n\t\t<\/section>\n\t\t\t\t<section class=\"elementor-section elementor-top-section elementor-element elementor-element-b292215 elementor-section-boxed elementor-section-height-default elementor-section-height-default\" data-id=\"b292215\" data-element_type=\"section\" data-e-type=\"section\">\n\t\t\t\t\t\t<div class=\"elementor-container elementor-column-gap-default\">\n\t\t\t\t\t<div class=\"elementor-column elementor-col-100 elementor-top-column elementor-element elementor-element-5b3f6b4\" data-id=\"5b3f6b4\" data-element_type=\"column\" data-e-type=\"column\">\n\t\t\t<div class=\"elementor-widget-wrap elementor-element-populated\">\n\t\t\t\t\t\t<div class=\"elementor-element elementor-element-cf062a9 elementor-widget elementor-widget-text-editor\" data-id=\"cf062a9\" data-element_type=\"widget\" data-e-type=\"widget\" data-widget_type=\"text-editor.default\">\n\t\t\t\t<div class=\"elementor-widget-container\">\n\t\t\t\t\t\t\t\t\t<p>Disse skreddersydde saksene er designet for en fris\u00f8r som har f\u00e5tt en begrensning i bevegelsen av tommelen p\u00e5 grunn av en ulykke. Takket v\u00e6re denne unike designen fra Shears International er det fortsatt mulig for denne fris\u00f8ren \u00e5 ut\u00f8ve sitt yrke.<\/p>\n<p>Er du interessert i en skreddersydd variant av et av produktene v\u00e5re,\u00a0<a title=\"Kontakt\" href=\"https:\/\/shears.nl\/nb\/contact\/\"><strong>v\u00e6rs\u00e5snill kontakt oss<\/strong><\/a>.<\/p>\t\t\t\t\t\t\t\t<\/div>\n\t\t\t\t<\/div>\n\t\t\t\t<section class=\"elementor-section elementor-inner-section elementor-element elementor-element-3c5a85a elementor-section-boxed elementor-section-height-default elementor-section-height-default\" data-id=\"3c5a85a\" data-element_type=\"section\" data-e-type=\"section\">\n\t\t\t\t\t\t<div class=\"elementor-container elementor-column-gap-default\">\n\t\t\t\t\t<div class=\"elementor-column elementor-col-50 elementor-inner-column elementor-element elementor-element-b8b595b\" data-id=\"b8b595b\" data-element_type=\"column\" data-e-type=\"column\">\n\t\t\t<div class=\"elementor-widget-wrap elementor-element-populated\">\n\t\t\t\t\t\t<div class=\"elementor-element elementor-element-8d7d001 elementor-widget elementor-widget-image\" data-id=\"8d7d001\" data-element_type=\"widget\" data-e-type=\"widget\" data-widget_type=\"image.default\">\n\t\t\t\t<div class=\"elementor-widget-container\">\n\t\t\t\t\t\t\t\t\t\t\t\t\t\t\t<img loading=\"lazy\" decoding=\"async\" width=\"540\" height=\"240\" src=\"https:\/\/shears.nl\/wp-content\/uploads\/2020\/11\/custom-2.png\" class=\"attachment-large size-large wp-image-153\" alt=\"\" srcset=\"https:\/\/shears.nl\/wp-content\/uploads\/2020\/11\/custom-2.png 540w, https:\/\/shears.nl\/wp-content\/uploads\/2020\/11\/custom-2-300x133.png 300w\" sizes=\"(max-width: 540px) 100vw, 540px\" \/>\t\t\t\t\t\t\t\t\t\t\t\t\t\t\t<\/div>\n\t\t\t\t<\/div>\n\t\t\t\t\t<\/div>\n\t\t<\/div>\n\t\t\t\t<div class=\"elementor-column elementor-col-50 elementor-inner-column elementor-element elementor-element-661c057\" data-id=\"661c057\" data-element_type=\"column\" data-e-type=\"column\">\n\t\t\t<div class=\"elementor-widget-wrap elementor-element-populated\">\n\t\t\t\t\t\t<div class=\"elementor-element elementor-element-910d3ee elementor-widget elementor-widget-image\" data-id=\"910d3ee\" data-element_type=\"widget\" data-e-type=\"widget\" data-widget_type=\"image.default\">\n\t\t\t\t<div class=\"elementor-widget-container\">\n\t\t\t\t\t\t\t\t\t\t\t\t\t\t\t<img loading=\"lazy\" decoding=\"async\" width=\"540\" height=\"240\" src=\"https:\/\/shears.nl\/wp-content\/uploads\/2020\/11\/6365_0005.png\" class=\"attachment-large size-large wp-image-152\" alt=\"\" srcset=\"https:\/\/shears.nl\/wp-content\/uploads\/2020\/11\/6365_0005.png 540w, https:\/\/shears.nl\/wp-content\/uploads\/2020\/11\/6365_0005-300x133.png 300w\" sizes=\"(max-width: 540px) 100vw, 540px\" \/>\t\t\t\t\t\t\t\t\t\t\t\t\t\t\t<\/div>\n\t\t\t\t<\/div>\n\t\t\t\t\t<\/div>\n\t\t<\/div>\n\t\t\t\t\t<\/div>\n\t\t<\/section>\n\t\t\t\t\t<\/div>\n\t\t<\/div>\n\t\t\t\t\t<\/div>\n\t\t<\/section>\n\t\t\t\t<\/div>","protected":false},"excerpt":{"rendered":"<p>Laat uw kappersschaar aanpassen naar uw eigen wensen en behoeften om zo uw persoonlijk comfort te vergroten. Op maat gemaakt Om tegemoet te komen aan uw individuele behoeften en persoonlijk comfort, is het mogelijk om de Sakura-serie ook aan uw eigen wensen aan te passen. Met andere woorden: we kunnen de offset groter maken (ergonomische [&hellip;]<\/p>\n","protected":false},"author":1,"featured_media":24,"parent":0,"menu_order":0,"comment_status":"closed","ping_status":"closed","template":"elementor_header_footer","meta":{"footnotes":""},"class_list":["post-35","page","type-page","status-publish","has-post-thumbnail","hentry"],"jetpack_sharing_enabled":true,"_links":{"self":[{"href":"https:\/\/shears.nl\/nb\/wp-json\/wp\/v2\/pages\/35","targetHints":{"allow":["GET"]}}],"collection":[{"href":"https:\/\/shears.nl\/nb\/wp-json\/wp\/v2\/pages"}],"about":[{"href":"https:\/\/shears.nl\/nb\/wp-json\/wp\/v2\/types\/page"}],"author":[{"embeddable":true,"href":"https:\/\/shears.nl\/nb\/wp-json\/wp\/v2\/users\/1"}],"replies":[{"embeddable":true,"href":"https:\/\/shears.nl\/nb\/wp-json\/wp\/v2\/comments?post=35"}],"version-history":[{"count":14,"href":"https:\/\/shears.nl\/nb\/wp-json\/wp\/v2\/pages\/35\/revisions"}],"predecessor-version":[{"id":2108,"href":"https:\/\/shears.nl\/nb\/wp-json\/wp\/v2\/pages\/35\/revisions\/2108"}],"wp:featuredmedia":[{"embeddable":true,"href":"https:\/\/shears.nl\/nb\/wp-json\/wp\/v2\/media\/24"}],"wp:attachment":[{"href":"https:\/\/shears.nl\/nb\/wp-json\/wp\/v2\/media?parent=35"}],"curies":[{"name":"wp","href":"https:\/\/api.w.org\/{rel}","templated":true}]}}