{"id":33,"date":"2020-11-02T14:14:38","date_gmt":"2020-11-02T14:14:38","guid":{"rendered":"https:\/\/shears.nl\/?page_id=33"},"modified":"2020-11-04T14:06:01","modified_gmt":"2020-11-04T14:06:01","slug":"onderhoud","status":"publish","type":"page","link":"https:\/\/shears.nl\/sv\/onderhoud\/","title":{"rendered":"Underh\u00e5ll"},"content":{"rendered":"<div data-elementor-type=\"wp-page\" data-elementor-id=\"33\" class=\"elementor elementor-33\" data-elementor-post-type=\"page\">\n\t\t\t\t\t\t<section class=\"elementor-section elementor-top-section elementor-element elementor-element-2c75c53f elementor-section-boxed elementor-section-height-default elementor-section-height-default\" data-id=\"2c75c53f\" data-element_type=\"section\" data-e-type=\"section\">\n\t\t\t\t\t\t<div class=\"elementor-container elementor-column-gap-default\">\n\t\t\t\t\t<div class=\"elementor-column elementor-col-100 elementor-top-column elementor-element elementor-element-8888006\" data-id=\"8888006\" data-element_type=\"column\" data-e-type=\"column\">\n\t\t\t<div class=\"elementor-widget-wrap elementor-element-populated\">\n\t\t\t\t\t\t<div class=\"elementor-element elementor-element-7bae78ba elementor-widget elementor-widget-text-editor\" data-id=\"7bae78ba\" data-element_type=\"widget\" data-e-type=\"widget\" data-widget_type=\"text-editor.default\">\n\t\t\t\t<div class=\"elementor-widget-container\">\n\t\t\t\t\t\t\t\t\t\n<p>Det f\u00f6rsta \u201dShears Service\u201d-underh\u00e5llet utf\u00f6rs internt. V\u00e5ra v\u00e4lutbildade tekniker \u00e4r ocks\u00e5 fris\u00f6rer s\u00e5 det s\u00e4ger sig sj\u00e4lvt att de f\u00f6rst\u00e5r dina behov och dessutom har de full\u00e4ndat slipningskonsten. Kort sagt: de \u00e4r absolut b\u00e4st.<\/p>\n<h3>Garantera en l\u00e5ng livsl\u00e4ngd<\/h3>\n<p>Saxar av h\u00f6gsta kvalitet \u00e4r en investering. Du f\u00e5r dock inte gl\u00f6mma att \u00e4ven redskap med en potentiell l\u00e5ng livsl\u00e4ngd kan skadas om de sk\u00f6ts p\u00e5 ett felaktigt s\u00e4tt.<\/p>\n\n<h3>F\u00f6lj dessa riktlinjer:<\/h3>\n\n<ul class=\"wp-block-list\">\n<li>Torka av sk\u00e4nkelytan efter varje anv\u00e4ndning med en ren, mjuk trasa eller med en specialkonstruerad silikontrasa.\u00a0<\/li>\n<li>Hantera saxen varsamt. L\u00e4gg aldrig saxar ovanp\u00e5 varandra och se till att aldrig tappa dem p\u00e5 h\u00e5rda ytor. Efter att du har lagt ned saxen p\u00e5 en arbetsyta h\u00e4nder det ofta att den hamnar under en handduk, och sedan dras den med ned p\u00e5 golvet n\u00e4r du tar upp handduken och d\u00e5 kan eggarna skadas.\u00a0<\/li>\n<li>Anv\u00e4nd ett specialh\u00f6lster d\u00e4r du f\u00f6rvarar saxarna och g\u00f6r det till en vana att alltid stoppa in saxen i h\u00f6lstret n\u00e4r du inte anv\u00e4nder den.\u00a0<\/li>\n<li>Kontrollera saxens sp\u00e4nning regelbundet. Om sp\u00e4nningen \u00e4r f\u00f6r h\u00f6g s\u00e5 uppst\u00e5r det friktion mellan sk\u00e4nklarna. Om sp\u00e4nningen \u00e4r f\u00f6r l\u00e5g har du s\u00e4mre kontroll \u00f6ver saxen och sk\u00e4nklarna kan f\u00e5 hack. Kontrollera sp\u00e4nningen genom att h\u00e5lla saxen i v\u00e4nster hand, i ringen utan fingerst\u00f6d, och rikta spetsen upp\u00e5t. H\u00e5ll ringen med fingerst\u00f6d i h\u00f6ger hand och \u00f6ppna sk\u00e4nklarna s\u00e5 att de bildar ett kors. Sl\u00e4pp ringen med h\u00f6ger hand. Den ska bara falla ner en aning. Om den faller ner ganska mycket s\u00e5 \u00e4r sp\u00e4nningen f\u00f6r l\u00e5g, om den inte r\u00f6r sig alls s\u00e5 \u00e4r sp\u00e4nningen f\u00f6r h\u00f6g. Anpassa sp\u00e4nningen efter behov.\u00a0<\/li>\n<li>L\u00e5t en expert slipa saxarna regelbundet.<\/li>\n<\/ul>\n\t\t\t\t\t\t\t\t<\/div>\n\t\t\t\t<\/div>\n\t\t\t\t\t<\/div>\n\t\t<\/div>\n\t\t\t\t\t<\/div>\n\t\t<\/section>\n\t\t\t\t<\/div>","protected":false},"excerpt":{"rendered":"<p>De originele \u201cShears Service\u201d gebeurt intern. Onze hoog opgeleide technici zijn zelf ook kapper, dus vanzelfsprekend begrijpen zij uw behoeften en hebben ze de kunst van het slijpen geperfectioneerd. Kortom: ze worden erkend als de besten. Gegarandeerd een lange gebruiksduur Kwalitatief hoogwaardige scharen zijn een uitstekende investering. Vergeet echter niet dat instrumenten met een potenti\u00eble [&hellip;]<\/p>\n","protected":false},"author":1,"featured_media":0,"parent":0,"menu_order":0,"comment_status":"closed","ping_status":"closed","template":"elementor_header_footer","meta":{"footnotes":""},"class_list":["post-33","page","type-page","status-publish","hentry"],"jetpack_sharing_enabled":true,"_links":{"self":[{"href":"https:\/\/shears.nl\/sv\/wp-json\/wp\/v2\/pages\/33","targetHints":{"allow":["GET"]}}],"collection":[{"href":"https:\/\/shears.nl\/sv\/wp-json\/wp\/v2\/pages"}],"about":[{"href":"https:\/\/shears.nl\/sv\/wp-json\/wp\/v2\/types\/page"}],"author":[{"embeddable":true,"href":"https:\/\/shears.nl\/sv\/wp-json\/wp\/v2\/users\/1"}],"replies":[{"embeddable":true,"href":"https:\/\/shears.nl\/sv\/wp-json\/wp\/v2\/comments?post=33"}],"version-history":[{"count":3,"href":"https:\/\/shears.nl\/sv\/wp-json\/wp\/v2\/pages\/33\/revisions"}],"predecessor-version":[{"id":147,"href":"https:\/\/shears.nl\/sv\/wp-json\/wp\/v2\/pages\/33\/revisions\/147"}],"wp:attachment":[{"href":"https:\/\/shears.nl\/sv\/wp-json\/wp\/v2\/media?parent=33"}],"curies":[{"name":"wp","href":"https:\/\/api.w.org\/{rel}","templated":true}]}}